{"id":1908,"date":"2022-12-28T15:43:13","date_gmt":"2022-12-28T15:43:13","guid":{"rendered":"https:\/\/pruebas.sanfer.com.mx\/?page_id=1908"},"modified":"2022-12-28T16:13:03","modified_gmt":"2022-12-28T16:13:03","slug":"ayuda","status":"publish","type":"page","link":"https:\/\/www.litogrimann.com.mx\/?page_id=1908","title":{"rendered":"Ayuda"},"content":{"rendered":"\t\t<div data-elementor-type=\"wp-page\" data-elementor-id=\"1908\" class=\"elementor elementor-1908\">\n\t\t\t\t\t\t\t\t\t<section data-particle_enable=\"false\" data-particle-mobile-disabled=\"false\" class=\"elementor-section elementor-top-section elementor-element elementor-element-d212361 elementor-section-boxed elementor-section-height-default elementor-section-height-default\" data-id=\"d212361\" data-element_type=\"section\">\n\t\t\t\t\t\t<div class=\"elementor-container elementor-column-gap-default\">\n\t\t\t\t\t<div class=\"elementor-column elementor-col-100 elementor-top-column elementor-element elementor-element-419b940\" data-id=\"419b940\" data-element_type=\"column\">\n\t\t\t<div class=\"elementor-widget-wrap elementor-element-populated\">\n\t\t\t\t\t\t\t\t<div class=\"elementor-element elementor-element-1bdc48d elementor-widget elementor-widget-heading\" data-id=\"1bdc48d\" data-element_type=\"widget\" data-widget_type=\"heading.default\">\n\t\t\t\t<div class=\"elementor-widget-container\">\n\t\t\t<style>\/*! elementor - v3.15.0 - 20-08-2023 *\/\n.elementor-heading-title{padding:0;margin:0;line-height:1}.elementor-widget-heading .elementor-heading-title[class*=elementor-size-]>a{color:inherit;font-size:inherit;line-height:inherit}.elementor-widget-heading .elementor-heading-title.elementor-size-small{font-size:15px}.elementor-widget-heading .elementor-heading-title.elementor-size-medium{font-size:19px}.elementor-widget-heading .elementor-heading-title.elementor-size-large{font-size:29px}.elementor-widget-heading .elementor-heading-title.elementor-size-xl{font-size:39px}.elementor-widget-heading .elementor-heading-title.elementor-size-xxl{font-size:59px}<\/style><h2 class=\"elementor-heading-title elementor-size-default\">\u00bfEn que podemos ayudarte?<\/h2>\t\t<\/div>\n\t\t\t\t<\/div>\n\t\t\t\t\t<\/div>\n\t\t<\/div>\n\t\t\t\t\t\t\t<\/div>\n\t\t<\/section>\n\t\t\t\t<section data-particle_enable=\"false\" data-particle-mobile-disabled=\"false\" class=\"elementor-section elementor-top-section elementor-element elementor-element-f250d61 elementor-section-boxed elementor-section-height-default elementor-section-height-default\" data-id=\"f250d61\" data-element_type=\"section\">\n\t\t\t\t\t\t<div class=\"elementor-container elementor-column-gap-default\">\n\t\t\t\t\t<div class=\"elementor-column elementor-col-100 elementor-top-column elementor-element elementor-element-359510c\" data-id=\"359510c\" data-element_type=\"column\">\n\t\t\t<div class=\"elementor-widget-wrap elementor-element-populated\">\n\t\t\t\t\t\t\t\t<div class=\"elementor-element elementor-element-7895022 elementor-widget elementor-widget-accordion\" data-id=\"7895022\" data-element_type=\"widget\" data-widget_type=\"accordion.default\">\n\t\t\t\t<div class=\"elementor-widget-container\">\n\t\t\t<style>\/*! elementor - v3.15.0 - 20-08-2023 *\/\n.elementor-accordion{text-align:left}.elementor-accordion .elementor-accordion-item{border:1px solid #d5d8dc}.elementor-accordion .elementor-accordion-item+.elementor-accordion-item{border-top:none}.elementor-accordion .elementor-tab-title{margin:0;padding:15px 20px;font-weight:700;line-height:1;cursor:pointer;outline:none}.elementor-accordion .elementor-tab-title .elementor-accordion-icon{display:inline-block;width:1.5em}.elementor-accordion .elementor-tab-title .elementor-accordion-icon svg{width:1em;height:1em}.elementor-accordion .elementor-tab-title .elementor-accordion-icon.elementor-accordion-icon-right{float:right;text-align:right}.elementor-accordion .elementor-tab-title .elementor-accordion-icon.elementor-accordion-icon-left{float:left;text-align:left}.elementor-accordion .elementor-tab-title .elementor-accordion-icon .elementor-accordion-icon-closed{display:block}.elementor-accordion .elementor-tab-title .elementor-accordion-icon .elementor-accordion-icon-opened,.elementor-accordion .elementor-tab-title.elementor-active .elementor-accordion-icon-closed{display:none}.elementor-accordion .elementor-tab-title.elementor-active .elementor-accordion-icon-opened{display:block}.elementor-accordion .elementor-tab-content{display:none;padding:15px 20px;border-top:1px solid #d5d8dc}@media (max-width:767px){.elementor-accordion .elementor-tab-title{padding:12px 15px}.elementor-accordion .elementor-tab-title .elementor-accordion-icon{width:1.2em}.elementor-accordion .elementor-tab-content{padding:7px 15px}}.e-con-inner>.elementor-widget-accordion,.e-con>.elementor-widget-accordion{width:var(--container-widget-width);--flex-grow:var(--container-widget-flex-grow)}<\/style>\t\t<div class=\"elementor-accordion\">\n\t\t\t\t\t\t\t<div class=\"elementor-accordion-item\">\n\t\t\t\t\t<div id=\"elementor-tab-title-1261\" class=\"elementor-tab-title\" data-tab=\"1\" role=\"button\" aria-controls=\"elementor-tab-content-1261\" aria-expanded=\"false\">\n\t\t\t\t\t\t\t\t\t\t\t\t<a class=\"elementor-accordion-title\" tabindex=\"0\">\u00bfQu\u00e9 se necesita para empezar un proyecto con Litogrimann? <\/a>\n\t\t\t\t\t<\/div>\n\t\t\t\t\t<div id=\"elementor-tab-content-1261\" class=\"elementor-tab-content elementor-clearfix\" data-tab=\"1\" role=\"region\" aria-labelledby=\"elementor-tab-title-1261\"><p>Para empezar a trabajar, nosotros necesitamos prueba de color, dummie y presupuesto autorizados, si no cuentas con nada de esto estamos para ayudarte a ajustar todo lo necesario y no tengas complicaciones.<\/p><\/div>\n\t\t\t\t<\/div>\n\t\t\t\t\t\t\t<div class=\"elementor-accordion-item\">\n\t\t\t\t\t<div id=\"elementor-tab-title-1262\" class=\"elementor-tab-title\" data-tab=\"2\" role=\"button\" aria-controls=\"elementor-tab-content-1262\" aria-expanded=\"false\">\n\t\t\t\t\t\t\t\t\t\t\t\t<a class=\"elementor-accordion-title\" tabindex=\"0\">\u00bfC\u00f3mo puedo solicitar una cotizaci\u00f3n? <\/a>\n\t\t\t\t\t<\/div>\n\t\t\t\t\t<div id=\"elementor-tab-content-1262\" class=\"elementor-tab-content elementor-clearfix\" data-tab=\"2\" role=\"region\" aria-labelledby=\"elementor-tab-title-1262\"><p>Sabemos que comenzar este tipo de trabajos es complicado, pero es m\u00e1s f\u00e1cil de lo que crees, para empezar, debemos contar con cotizaci\u00f3n en donde se especifiquen cantidades y especificaciones de tu producto, despu\u00e9s el desarrollo de tus necesidades y para finalizar los Artes con los cuales vamos a trabajar, recuerda que si tienes complicaciones en alg\u00fan paso nosotros te ayudamos a resolverlo.<\/p><\/div>\n\t\t\t\t<\/div>\n\t\t\t\t\t\t\t<div class=\"elementor-accordion-item\">\n\t\t\t\t\t<div id=\"elementor-tab-title-1263\" class=\"elementor-tab-title\" data-tab=\"3\" role=\"button\" aria-controls=\"elementor-tab-content-1263\" aria-expanded=\"false\">\n\t\t\t\t\t\t\t\t\t\t\t\t<a class=\"elementor-accordion-title\" tabindex=\"0\">\u00bfQu\u00e9 tipos de acabados pueden ofrecerme? <\/a>\n\t\t\t\t\t<\/div>\n\t\t\t\t\t<div id=\"elementor-tab-content-1263\" class=\"elementor-tab-content elementor-clearfix\" data-tab=\"3\" role=\"region\" aria-labelledby=\"elementor-tab-title-1263\"><div class=\"uk-accordion-content uk-margin-remove-first-child\"><div class=\"el-content uk-panel uk-margin-top\"><p>Si quieres impactar con la imagen de tu producto, podemos aplicar acabados que diferenciar\u00e1n tu empaque y ayudar\u00e1n a resaltar tu producto.<\/p><p>Algunos de ellos son:<\/p><ul><li>Laminado y metalizado,<\/li><li>Alto y bajo relieve, braile<\/li><li>Barnices mates, brillantes y contraste<\/li><li>Hot stamping y Cold foil<\/li><li>Barnices de seguridad<\/li><li>Impresi\u00f3n por ambos lados<\/li><\/ul><\/div><\/div><\/div>\n\t\t\t\t<\/div>\n\t\t\t\t\t\t\t<div class=\"elementor-accordion-item\">\n\t\t\t\t\t<div id=\"elementor-tab-title-1264\" class=\"elementor-tab-title\" data-tab=\"4\" role=\"button\" aria-controls=\"elementor-tab-content-1264\" aria-expanded=\"false\">\n\t\t\t\t\t\t\t\t\t\t\t\t<a class=\"elementor-accordion-title\" tabindex=\"0\">\u00bfC\u00f3mo puedo saber que empaque es ideal para m\u00ed?<\/a>\n\t\t\t\t\t<\/div>\n\t\t\t\t\t<div id=\"elementor-tab-content-1264\" class=\"elementor-tab-content elementor-clearfix\" data-tab=\"4\" role=\"region\" aria-labelledby=\"elementor-tab-title-1264\"><div class=\"uk-accordion-content uk-margin-remove-first-child\"><div class=\"el-content uk-panel uk-margin-top\"><p>Tenemos un departamento que se encarga de revisar las necesidades de tus productos, desde un empaque robusto hasta a una caja peque\u00f1a que requiera un fondo automatico. Te ayudamos desde cero en el desarrollo estructural y grafico de tu producto.<\/p><\/div><\/div><\/div>\n\t\t\t\t<\/div>\n\t\t\t\t\t\t\t<div class=\"elementor-accordion-item\">\n\t\t\t\t\t<div id=\"elementor-tab-title-1265\" class=\"elementor-tab-title\" data-tab=\"5\" role=\"button\" aria-controls=\"elementor-tab-content-1265\" aria-expanded=\"false\">\n\t\t\t\t\t\t\t\t\t\t\t\t<a class=\"elementor-accordion-title\" tabindex=\"0\">\u00bfCon qui\u00e9n puedo seguir el estatus de mi producto?<\/a>\n\t\t\t\t\t<\/div>\n\t\t\t\t\t<div id=\"elementor-tab-content-1265\" class=\"elementor-tab-content elementor-clearfix\" data-tab=\"5\" role=\"region\" aria-labelledby=\"elementor-tab-title-1265\"><p>Cualquier duda que tengas sobre tu producto, puedes comunicarte directamente con tu asesor o marcar a Servicio al Cliente Litogrimann al n\u00famero 5547448800 Ext. 8822 o 8808.<\/p><\/div>\n\t\t\t\t<\/div>\n\t\t\t\t\t\t\t<div class=\"elementor-accordion-item\">\n\t\t\t\t\t<div id=\"elementor-tab-title-1266\" class=\"elementor-tab-title\" data-tab=\"6\" role=\"button\" aria-controls=\"elementor-tab-content-1266\" aria-expanded=\"false\">\n\t\t\t\t\t\t\t\t\t\t\t\t<a class=\"elementor-accordion-title\" tabindex=\"0\">\u00bfQu\u00e9 se necesita para trabajar en Litogrimann?<\/a>\n\t\t\t\t\t<\/div>\n\t\t\t\t\t<div id=\"elementor-tab-content-1266\" class=\"elementor-tab-content elementor-clearfix\" data-tab=\"6\" role=\"region\" aria-labelledby=\"elementor-tab-title-1266\"><p>Para ser parte de Litogrimann solo es necesario ser una persona, responsable e innovadora, y claro \u00a1TENER PASI\u00d3N POR EL COLOR!<\/p><div class=\"uk-accordion-content uk-margin-remove-first-child\"><div class=\"el-content uk-panel uk-margin-top\"><p>Puedes enviarnos una solicitud \u00a0o si lo prefieres, entrar a nuestra bolsa sde trabajo para conocer nuestras vacantes.<\/p><\/div><\/div><\/div>\n\t\t\t\t<\/div>\n\t\t\t\t\t\t\t<div class=\"elementor-accordion-item\">\n\t\t\t\t\t<div id=\"elementor-tab-title-1267\" class=\"elementor-tab-title\" data-tab=\"7\" role=\"button\" aria-controls=\"elementor-tab-content-1267\" aria-expanded=\"false\">\n\t\t\t\t\t\t\t\t\t\t\t\t<a class=\"elementor-accordion-title\" tabindex=\"0\">\u00bfCu\u00e1les son sus pol\u00edticas de env\u00edo?<\/a>\n\t\t\t\t\t<\/div>\n\t\t\t\t\t<div id=\"elementor-tab-content-1267\" class=\"elementor-tab-content elementor-clearfix\" data-tab=\"7\" role=\"region\" aria-labelledby=\"elementor-tab-title-1267\"><div class=\"uk-accordion-content uk-margin-remove-first-child\"><div class=\"el-content uk-panel uk-margin-top\"><p>Actualmente nosotros podemos enviar a cualquier parte de la rep\u00fablica mexicana, de acuerdo a tus necesidades, encontraremos el mejor plan para que tu producto llegue en las mejores condiciones tiempo y forma.\u00a0<\/p><\/div><\/div><\/div>\n\t\t\t\t<\/div>\n\t\t\t\t\t\t\t<div class=\"elementor-accordion-item\">\n\t\t\t\t\t<div id=\"elementor-tab-title-1268\" class=\"elementor-tab-title\" data-tab=\"8\" role=\"button\" aria-controls=\"elementor-tab-content-1268\" aria-expanded=\"false\">\n\t\t\t\t\t\t\t\t\t\t\t\t<a class=\"elementor-accordion-title\" tabindex=\"0\">\u00bfC\u00f3mo puedo recibir un Kit de muestras Litogrimann?<\/a>\n\t\t\t\t\t<\/div>\n\t\t\t\t\t<div id=\"elementor-tab-content-1268\" class=\"elementor-tab-content elementor-clearfix\" data-tab=\"8\" role=\"region\" aria-labelledby=\"elementor-tab-title-1268\"><div class=\"uk-accordion-content uk-margin-remove-first-child\"><div class=\"el-content uk-panel uk-margin-top\"><p>Contamos con un kit en donde tu podr\u00e1s ver todos nuestros materiales y acabados, para tu comodidad te los podemos hacer llegar a trav\u00e9s de nuestros ejecutivos y ellos te explicar\u00e1n de manera personal y directa todas las caracter\u00edsticas y dudas que tengas.<\/p><\/div><\/div><\/div>\n\t\t\t\t<\/div>\n\t\t\t\t\t\t\t<div class=\"elementor-accordion-item\">\n\t\t\t\t\t<div id=\"elementor-tab-title-1269\" class=\"elementor-tab-title\" data-tab=\"9\" role=\"button\" aria-controls=\"elementor-tab-content-1269\" aria-expanded=\"false\">\n\t\t\t\t\t\t\t\t\t\t\t\t<a class=\"elementor-accordion-title\" tabindex=\"0\">\u00bfC\u00f3mo puedo asegurar la calidad de mi producto final?<\/a>\n\t\t\t\t\t<\/div>\n\t\t\t\t\t<div id=\"elementor-tab-content-1269\" class=\"elementor-tab-content elementor-clearfix\" data-tab=\"9\" role=\"region\" aria-labelledby=\"elementor-tab-title-1269\"><div class=\"el-item uk-open\"><div class=\"uk-accordion-content uk-margin-remove-first-child\"><div class=\"el-content uk-panel uk-margin-top\"><p>Nuestro departamento de Preprensa realiza todas las pruebas necesarias para asegurar que tu empaque cumpla con todos tus requerimientos, a lo largo de toda la l\u00ednea productiva nuestro departamento de calidad realizara las pruebas que aseguren un control de calidad ideal para tu producto final, algunas de estas pruebas son:<\/p><ul><li>Prueba de frote: Asegura el anclaje del barniz<\/li><li>Prueba de cinta: Asegura el curado\/secado del barniz<\/li><li>Fuerza de apertura: Asegura la fuerza necesaria para armar la caja<\/li><li>Prueba de desgarre: Asegura la correcta adhesi\u00f3n de la goma al sustrato (pegue de caja)<\/li><\/ul><\/div><\/div><\/div><div class=\"el-item\">\u00a0<\/div><\/div>\n\t\t\t\t<\/div>\n\t\t\t\t\t\t\t<div class=\"elementor-accordion-item\">\n\t\t\t\t\t<div id=\"elementor-tab-title-12610\" class=\"elementor-tab-title\" data-tab=\"10\" role=\"button\" aria-controls=\"elementor-tab-content-12610\" aria-expanded=\"false\">\n\t\t\t\t\t\t\t\t\t\t\t\t<a class=\"elementor-accordion-title\" tabindex=\"0\">\u00bfEs necesario ir presencialmente para el dise\u00f1o del producto?<\/a>\n\t\t\t\t\t<\/div>\n\t\t\t\t\t<div id=\"elementor-tab-content-12610\" class=\"elementor-tab-content elementor-clearfix\" data-tab=\"10\" role=\"region\" aria-labelledby=\"elementor-tab-title-12610\"><div class=\"uk-accordion-content uk-margin-remove-first-child\"><div class=\"el-content uk-panel uk-margin-top\"><p>En Litogrimann nos encanta recibirte aqu\u00ed y tratarte con el mejor servicio, si no puedes venir, te enviamos todas las pruebas que se necesitan para la producci\u00f3n de este. Para que las revises y al momento de que estas est\u00e9n de acuerdo a tus necesidades, las autorices y nos las hagas llegar para iniciar la producci\u00f3n.<\/p><\/div><\/div><\/div>\n\t\t\t\t<\/div>\n\t\t\t\t\t\t\t<div class=\"elementor-accordion-item\">\n\t\t\t\t\t<div id=\"elementor-tab-title-12611\" class=\"elementor-tab-title\" data-tab=\"11\" role=\"button\" aria-controls=\"elementor-tab-content-12611\" aria-expanded=\"false\">\n\t\t\t\t\t\t\t\t\t\t\t\t<a class=\"elementor-accordion-title\" tabindex=\"0\">\u00bfPueden igualar cualquier color?<\/a>\n\t\t\t\t\t<\/div>\n\t\t\t\t\t<div id=\"elementor-tab-content-12611\" class=\"elementor-tab-content elementor-clearfix\" data-tab=\"11\" role=\"region\" aria-labelledby=\"elementor-tab-title-12611\"><p>Con la combinaci\u00f3n con la tecnolog\u00eda y el expertis de nuestros t\u00e9cnicos en el Laboratorio de Tintas, solo es necesaria una prueba del tono para igualarlo o mejorarlo de acuerdo a tus necesidades.<\/p><\/div>\n\t\t\t\t<\/div>\n\t\t\t\t\t\t\t<div class=\"elementor-accordion-item\">\n\t\t\t\t\t<div id=\"elementor-tab-title-12612\" class=\"elementor-tab-title\" data-tab=\"12\" role=\"button\" aria-controls=\"elementor-tab-content-12612\" aria-expanded=\"false\">\n\t\t\t\t\t\t\t\t\t\t\t\t<a class=\"elementor-accordion-title\" tabindex=\"0\">\u00bfPor qu\u00e9 el offset tradicional se tarda tanto en estar listo?<\/a>\n\t\t\t\t\t<\/div>\n\t\t\t\t\t<div id=\"elementor-tab-content-12612\" class=\"elementor-tab-content elementor-clearfix\" data-tab=\"12\" role=\"region\" aria-labelledby=\"elementor-tab-title-12612\"><p>El offset involucra una serie de pasos que ayudan a asegurar y ofrecer una mayor calidad, la reproducci\u00f3n de la imagen en cualquier tipo de papel es exacta. La\u00a0<strong>impresi\u00f3n offset<\/strong>\u00a0permite controlar los colores exactos, usar tintas especiales y aplicar barnices, adicional contamos con otros procesos que nos apoyan al acabado ideal de la imagen de tu caja.<\/p><\/div>\n\t\t\t\t<\/div>\n\t\t\t\t\t\t\t\t\t\t<script type=\"application\/ld+json\">{\"@context\":\"https:\\\/\\\/schema.org\",\"@type\":\"FAQPage\",\"mainEntity\":[{\"@type\":\"Question\",\"name\":\"\\u00bfQu\\u00e9 se necesita para empezar un proyecto con Litogrimann?\",\"acceptedAnswer\":{\"@type\":\"Answer\",\"text\":\"<p>Para empezar a trabajar, nosotros necesitamos prueba de color, dummie y presupuesto autorizados, si no cuentas con nada de esto estamos para ayudarte a ajustar todo lo necesario y no tengas complicaciones.<\\\/p>\"}},{\"@type\":\"Question\",\"name\":\"\\u00bfC\\u00f3mo puedo solicitar una cotizaci\\u00f3n?\",\"acceptedAnswer\":{\"@type\":\"Answer\",\"text\":\"<p>Sabemos que comenzar este tipo de trabajos es complicado, pero es m\\u00e1s f\\u00e1cil de lo que crees, para empezar, debemos contar con cotizaci\\u00f3n en donde se especifiquen cantidades y especificaciones de tu producto, despu\\u00e9s el desarrollo de tus necesidades y para finalizar los Artes con los cuales vamos a trabajar, recuerda que si tienes complicaciones en alg\\u00fan paso nosotros te ayudamos a resolverlo.<\\\/p>\"}},{\"@type\":\"Question\",\"name\":\"\\u00bfQu\\u00e9 tipos de acabados pueden ofrecerme?\",\"acceptedAnswer\":{\"@type\":\"Answer\",\"text\":\"<div class=\\\"uk-accordion-content uk-margin-remove-first-child\\\"><div class=\\\"el-content uk-panel uk-margin-top\\\"><p>Si quieres impactar con la imagen de tu producto, podemos aplicar acabados que diferenciar\\u00e1n tu empaque y ayudar\\u00e1n a resaltar tu producto.<\\\/p><p>Algunos de ellos son:<\\\/p><ul><li>Laminado y metalizado,<\\\/li><li>Alto y bajo relieve, braile<\\\/li><li>Barnices mates, brillantes y contraste<\\\/li><li>Hot stamping y Cold foil<\\\/li><li>Barnices de seguridad<\\\/li><li>Impresi\\u00f3n por ambos lados<\\\/li><\\\/ul><\\\/div><\\\/div>\"}},{\"@type\":\"Question\",\"name\":\"\\u00bfC\\u00f3mo puedo saber que empaque es ideal para m\\u00ed?\",\"acceptedAnswer\":{\"@type\":\"Answer\",\"text\":\"<div class=\\\"uk-accordion-content uk-margin-remove-first-child\\\"><div class=\\\"el-content uk-panel uk-margin-top\\\"><p>Tenemos un departamento que se encarga de revisar las necesidades de tus productos, desde un empaque robusto hasta a una caja peque\\u00f1a que requiera un fondo automatico. Te ayudamos desde cero en el desarrollo estructural y grafico de tu producto.<\\\/p><\\\/div><\\\/div>\"}},{\"@type\":\"Question\",\"name\":\"\\u00bfCon qui\\u00e9n puedo seguir el estatus de mi producto?\",\"acceptedAnswer\":{\"@type\":\"Answer\",\"text\":\"<p>Cualquier duda que tengas sobre tu producto, puedes comunicarte directamente con tu asesor o marcar a Servicio al Cliente Litogrimann al n\\u00famero 5547448800 Ext. 8822 o 8808.<\\\/p>\"}},{\"@type\":\"Question\",\"name\":\"\\u00bfQu\\u00e9 se necesita para trabajar en Litogrimann?\",\"acceptedAnswer\":{\"@type\":\"Answer\",\"text\":\"<p>Para ser parte de Litogrimann solo es necesario ser una persona, responsable e innovadora, y claro \\u00a1TENER PASI\\u00d3N POR EL COLOR!<\\\/p><div class=\\\"uk-accordion-content uk-margin-remove-first-child\\\"><div class=\\\"el-content uk-panel uk-margin-top\\\"><p>Puedes enviarnos una solicitud \\u00a0o si lo prefieres, entrar a nuestra bolsa sde trabajo para conocer nuestras vacantes.<\\\/p><\\\/div><\\\/div>\"}},{\"@type\":\"Question\",\"name\":\"\\u00bfCu\\u00e1les son sus pol\\u00edticas de env\\u00edo?\",\"acceptedAnswer\":{\"@type\":\"Answer\",\"text\":\"<div class=\\\"uk-accordion-content uk-margin-remove-first-child\\\"><div class=\\\"el-content uk-panel uk-margin-top\\\"><p>Actualmente nosotros podemos enviar a cualquier parte de la rep\\u00fablica mexicana, de acuerdo a tus necesidades, encontraremos el mejor plan para que tu producto llegue en las mejores condiciones tiempo y forma.\\u00a0<\\\/p><\\\/div><\\\/div>\"}},{\"@type\":\"Question\",\"name\":\"\\u00bfC\\u00f3mo puedo recibir un Kit de muestras Litogrimann?\",\"acceptedAnswer\":{\"@type\":\"Answer\",\"text\":\"<div class=\\\"uk-accordion-content uk-margin-remove-first-child\\\"><div class=\\\"el-content uk-panel uk-margin-top\\\"><p>Contamos con un kit en donde tu podr\\u00e1s ver todos nuestros materiales y acabados, para tu comodidad te los podemos hacer llegar a trav\\u00e9s de nuestros ejecutivos y ellos te explicar\\u00e1n de manera personal y directa todas las caracter\\u00edsticas y dudas que tengas.<\\\/p><\\\/div><\\\/div>\"}},{\"@type\":\"Question\",\"name\":\"\\u00bfC\\u00f3mo puedo asegurar la calidad de mi producto final?\",\"acceptedAnswer\":{\"@type\":\"Answer\",\"text\":\"<div class=\\\"el-item uk-open\\\"><div class=\\\"uk-accordion-content uk-margin-remove-first-child\\\"><div class=\\\"el-content uk-panel uk-margin-top\\\"><p>Nuestro departamento de Preprensa realiza todas las pruebas necesarias para asegurar que tu empaque cumpla con todos tus requerimientos, a lo largo de toda la l\\u00ednea productiva nuestro departamento de calidad realizara las pruebas que aseguren un control de calidad ideal para tu producto final, algunas de estas pruebas son:<\\\/p><ul><li>Prueba de frote: Asegura el anclaje del barniz<\\\/li><li>Prueba de cinta: Asegura el curado\\\/secado del barniz<\\\/li><li>Fuerza de apertura: Asegura la fuerza necesaria para armar la caja<\\\/li><li>Prueba de desgarre: Asegura la correcta adhesi\\u00f3n de la goma al sustrato (pegue de caja)<\\\/li><\\\/ul><\\\/div><\\\/div><\\\/div><div class=\\\"el-item\\\">\\u00a0<\\\/div>\"}},{\"@type\":\"Question\",\"name\":\"\\u00bfEs necesario ir presencialmente para el dise\\u00f1o del producto?\",\"acceptedAnswer\":{\"@type\":\"Answer\",\"text\":\"<div class=\\\"uk-accordion-content uk-margin-remove-first-child\\\"><div class=\\\"el-content uk-panel uk-margin-top\\\"><p>En Litogrimann nos encanta recibirte aqu\\u00ed y tratarte con el mejor servicio, si no puedes venir, te enviamos todas las pruebas que se necesitan para la producci\\u00f3n de este. Para que las revises y al momento de que estas est\\u00e9n de acuerdo a tus necesidades, las autorices y nos las hagas llegar para iniciar la producci\\u00f3n.<\\\/p><\\\/div><\\\/div>\"}},{\"@type\":\"Question\",\"name\":\"\\u00bfPueden igualar cualquier color?\",\"acceptedAnswer\":{\"@type\":\"Answer\",\"text\":\"<p>Con la combinaci\\u00f3n con la tecnolog\\u00eda y el expertis de nuestros t\\u00e9cnicos en el Laboratorio de Tintas, solo es necesaria una prueba del tono para igualarlo o mejorarlo de acuerdo a tus necesidades.<\\\/p>\"}},{\"@type\":\"Question\",\"name\":\"\\u00bfPor qu\\u00e9 el offset tradicional se tarda tanto en estar listo?\",\"acceptedAnswer\":{\"@type\":\"Answer\",\"text\":\"<p>El offset involucra una serie de pasos que ayudan a asegurar y ofrecer una mayor calidad, la reproducci\\u00f3n de la imagen en cualquier tipo de papel es exacta. La\\u00a0<strong>impresi\\u00f3n offset<\\\/strong>\\u00a0permite controlar los colores exactos, usar tintas especiales y aplicar barnices, adicional contamos con otros procesos que nos apoyan al acabado ideal de la imagen de tu caja.<\\\/p>\"}}]}<\/script>\n\t\t\t\t\t<\/div>\n\t\t\t\t<\/div>\n\t\t\t\t<\/div>\n\t\t\t\t\t<\/div>\n\t\t<\/div>\n\t\t\t\t\t\t\t<\/div>\n\t\t<\/section>\n\t\t\t\t\t\t\t<\/div>\n\t\t","protected":false},"excerpt":{"rendered":"<p>\u00bfEn que podemos ayudarte? \u00bfQu\u00e9 se necesita para empezar un proyecto con Litogrimann? Para empezar a trabajar, nosotros necesitamos prueba de color, dummie y presupuesto autorizados, si no cuentas con nada de esto estamos para ayudarte a ajustar todo lo necesario y no tengas complicaciones. \u00bfC\u00f3mo puedo solicitar una cotizaci\u00f3n? Sabemos que comenzar este tipo&hellip;&nbsp;<a href=\"https:\/\/www.litogrimann.com.mx\/?page_id=1908\" class=\"\" rel=\"bookmark\">Leer m\u00e1s &raquo;<span class=\"screen-reader-text\">Ayuda<\/span><\/a><\/p>\n","protected":false},"author":1,"featured_media":0,"parent":0,"menu_order":0,"comment_status":"closed","ping_status":"closed","template":"page-templates\/template-pagebuilder-full-width.php","meta":{"neve_meta_sidebar":"","neve_meta_container":"","neve_meta_enable_content_width":"","neve_meta_content_width":0,"neve_meta_title_alignment":"","neve_meta_author_avatar":"","neve_post_elements_order":"","neve_meta_disable_header":"","neve_meta_disable_footer":"","neve_meta_disable_title":""},"_links":{"self":[{"href":"https:\/\/www.litogrimann.com.mx\/index.php?rest_route=\/wp\/v2\/pages\/1908"}],"collection":[{"href":"https:\/\/www.litogrimann.com.mx\/index.php?rest_route=\/wp\/v2\/pages"}],"about":[{"href":"https:\/\/www.litogrimann.com.mx\/index.php?rest_route=\/wp\/v2\/types\/page"}],"author":[{"embeddable":true,"href":"https:\/\/www.litogrimann.com.mx\/index.php?rest_route=\/wp\/v2\/users\/1"}],"replies":[{"embeddable":true,"href":"https:\/\/www.litogrimann.com.mx\/index.php?rest_route=%2Fwp%2Fv2%2Fcomments&post=1908"}],"version-history":[{"count":21,"href":"https:\/\/www.litogrimann.com.mx\/index.php?rest_route=\/wp\/v2\/pages\/1908\/revisions"}],"predecessor-version":[{"id":1933,"href":"https:\/\/www.litogrimann.com.mx\/index.php?rest_route=\/wp\/v2\/pages\/1908\/revisions\/1933"}],"wp:attachment":[{"href":"https:\/\/www.litogrimann.com.mx\/index.php?rest_route=%2Fwp%2Fv2%2Fmedia&parent=1908"}],"curies":[{"name":"wp","href":"https:\/\/api.w.org\/{rel}","templated":true}]}}