{"id":46,"date":"2022-11-11T23:19:57","date_gmt":"2022-11-11T23:19:57","guid":{"rendered":"http:\/\/localhost:8888\/litogriman\/?page_id=46"},"modified":"2023-08-14T15:20:04","modified_gmt":"2023-08-14T15:20:04","slug":"casos-de-exito","status":"publish","type":"page","link":"https:\/\/www.litogrimann.com.mx\/?page_id=46","title":{"rendered":"Casos de \u00e9xitoOLD"},"content":{"rendered":"<style>\/*! elementor - v3.15.0 - 09-08-2023 *\/<br \/>\n.elementor-heading-title{padding:0;margin:0;line-height:1}.elementor-widget-heading .elementor-heading-title[class*=elementor-size-]>a{color:inherit;font-size:inherit;line-height:inherit}.elementor-widget-heading .elementor-heading-title.elementor-size-small{font-size:15px}.elementor-widget-heading .elementor-heading-title.elementor-size-medium{font-size:19px}.elementor-widget-heading .elementor-heading-title.elementor-size-large{font-size:29px}.elementor-widget-heading .elementor-heading-title.elementor-size-xl{font-size:39px}.elementor-widget-heading .elementor-heading-title.elementor-size-xxl{font-size:59px}<\/style>\n<h2>NUESTROS<br \/>\nGRANDES<br \/>\nPROYECTOS<\/h2>\n<style>\/*! elementor - v3.15.0 - 09-08-2023 *\/<br \/>\n.elementor-widget-image{text-align:center}.elementor-widget-image a{display:inline-block}.elementor-widget-image a img[src$=\".svg\"]{width:48px}.elementor-widget-image img{vertical-align:middle;display:inline-block}<\/style>\n<p>\t\t\t\t\t\t\t\t\t\t\t\t<img decoding=\"async\" width=\"1024\" height=\"45\" src=\"https:\/\/pruebas.sanfer.com.mx\/wp-content\/uploads\/2022\/11\/barraSmall-1024x45.png\" alt=\"Barra peque\u00f1a\" loading=\"lazy\" srcset=\"https:\/\/pruebas.sanfer.com.mx\/wp-content\/uploads\/2022\/11\/barraSmall-1024x45.png 1024w, https:\/\/pruebas.sanfer.com.mx\/wp-content\/uploads\/2022\/11\/barraSmall-300x13.png 300w, https:\/\/pruebas.sanfer.com.mx\/wp-content\/uploads\/2022\/11\/barraSmall-768x34.png 768w, https:\/\/pruebas.sanfer.com.mx\/wp-content\/uploads\/2022\/11\/barraSmall-1536x68.png 1536w, https:\/\/pruebas.sanfer.com.mx\/wp-content\/uploads\/2022\/11\/barraSmall-2048x91.png 2048w, https:\/\/pruebas.sanfer.com.mx\/wp-content\/uploads\/2022\/11\/elementor\/thumbs\/barraSmall-pxl0d0nra5par4zpifsvsrqg0xbpt4ims3wkc72dqs.png 4w, https:\/\/pruebas.sanfer.com.mx\/wp-content\/uploads\/2022\/11\/elementor\/thumbs\/barraSmall-pxl0d0nrmfrc9xmcqfm4ehdl0axsod9i3mumak67mc.png 32w\" sizes=\"(max-width: 1024px) 100vw, 1024px\"><\/p>\n<p style=\"text-align: left;\">En todos nuestros a\u00f1os de experiencia hemos realizado diferentes tipos de proyectos.<br \/>\nDesde los retos y las soluciones creativas que le hemos aportado a nuestros clientes.<\/p>\n<p><strong>En todos nuestros a\u00f1os de experiencia hemos realizado diferentes tipos de proyectos.<\/strong><br \/>\n<strong>Desde los retos y las soluciones creativas que le hemos aportado a nuestros clientes.<\/strong><\/p>\n<h1 contenteditable=\"true\" data-elementor-setting-key=\"title\" data-pen-placeholder=\"Teclea aqu\u00ed...\">NUESTROS<br \/>\nGRANDES<br \/>\nPROYECTOS<\/h1>\n<p><img decoding=\"async\" width=\"1024\" height=\"45\" src=\"https:\/\/pruebas.sanfer.com.mx\/wp-content\/uploads\/2022\/11\/barraSmall-1024x45.png\" alt=\"Barra peque\u00f1a\" loading=\"lazy\" srcset=\"https:\/\/pruebas.sanfer.com.mx\/wp-content\/uploads\/2022\/11\/barraSmall-1024x45.png 1024w, https:\/\/pruebas.sanfer.com.mx\/wp-content\/uploads\/2022\/11\/barraSmall-300x13.png 300w, https:\/\/pruebas.sanfer.com.mx\/wp-content\/uploads\/2022\/11\/barraSmall-768x34.png 768w, https:\/\/pruebas.sanfer.com.mx\/wp-content\/uploads\/2022\/11\/barraSmall-1536x68.png 1536w, https:\/\/pruebas.sanfer.com.mx\/wp-content\/uploads\/2022\/11\/barraSmall-2048x91.png 2048w, https:\/\/pruebas.sanfer.com.mx\/wp-content\/uploads\/2022\/11\/elementor\/thumbs\/barraSmall-pxl0d0nra5par4zpifsvsrqg0xbpt4ims3wkc72dqs.png 4w, https:\/\/pruebas.sanfer.com.mx\/wp-content\/uploads\/2022\/11\/elementor\/thumbs\/barraSmall-pxl0d0nrmfrc9xmcqfm4ehdl0axsod9i3mumak67mc.png 32w\" sizes=\"(max-width: 1024px) 100vw, 1024px\"><\/p>\n<style>\/*! elementor - v3.15.0 - 09-08-2023 *\/<br \/>\n.elementor-widget-tabs.elementor-tabs-view-vertical .elementor-tabs-wrapper{width:25%;flex-shrink:0}.elementor-widget-tabs.elementor-tabs-view-vertical .elementor-tab-desktop-title.elementor-active{border-right-style:none}.elementor-widget-tabs.elementor-tabs-view-vertical .elementor-tab-desktop-title.elementor-active:after,.elementor-widget-tabs.elementor-tabs-view-vertical .elementor-tab-desktop-title.elementor-active:before{height:999em;width:0;right:0;border-right-style:solid}.elementor-widget-tabs.elementor-tabs-view-vertical .elementor-tab-desktop-title.elementor-active:before{top:0;transform:translateY(-100%)}.elementor-widget-tabs.elementor-tabs-view-vertical .elementor-tab-desktop-title.elementor-active:after{top:100%}.elementor-widget-tabs.elementor-tabs-view-horizontal .elementor-tab-desktop-title{display:table-cell}.elementor-widget-tabs.elementor-tabs-view-horizontal .elementor-tab-desktop-title.elementor-active{border-bottom-style:none}.elementor-widget-tabs.elementor-tabs-view-horizontal .elementor-tab-desktop-title.elementor-active:after,.elementor-widget-tabs.elementor-tabs-view-horizontal .elementor-tab-desktop-title.elementor-active:before{bottom:0;height:0;width:999em;border-bottom-style:solid}.elementor-widget-tabs.elementor-tabs-view-horizontal .elementor-tab-desktop-title.elementor-active:before{right:100%}.elementor-widget-tabs.elementor-tabs-view-horizontal .elementor-tab-desktop-title.elementor-active:after{left:100%}.elementor-widget-tabs .elementor-tab-content,.elementor-widget-tabs .elementor-tab-title,.elementor-widget-tabs .elementor-tab-title:after,.elementor-widget-tabs .elementor-tab-title:before,.elementor-widget-tabs .elementor-tabs-content-wrapper{border:1px #d5d8dc}.elementor-widget-tabs .elementor-tabs{text-align:left}.elementor-widget-tabs .elementor-tabs-wrapper{overflow:hidden}.elementor-widget-tabs .elementor-tab-title{cursor:pointer;outline:var(--focus-outline,none)}.elementor-widget-tabs .elementor-tab-desktop-title{position:relative;padding:20px 25px;font-weight:700;line-height:1;border:solid transparent}.elementor-widget-tabs .elementor-tab-desktop-title.elementor-active{border-color:#d5d8dc}.elementor-widget-tabs .elementor-tab-desktop-title.elementor-active:after,.elementor-widget-tabs .elementor-tab-desktop-title.elementor-active:before{display:block;content:\"\";position:absolute}.elementor-widget-tabs .elementor-tab-desktop-title:focus-visible{border:1px solid #000}.elementor-widget-tabs .elementor-tab-mobile-title{padding:10px;cursor:pointer}.elementor-widget-tabs .elementor-tab-content{padding:20px;display:none}@media (max-width:767px){.elementor-tabs .elementor-tab-content,.elementor-tabs .elementor-tab-title{border-style:solid solid none}.elementor-tabs .elementor-tabs-wrapper{display:none}.elementor-tabs .elementor-tabs-content-wrapper{border-bottom-style:solid}.elementor-tabs .elementor-tab-content{padding:10px}}@media (min-width:768px){.elementor-widget-tabs.elementor-tabs-view-vertical .elementor-tabs{display:flex}.elementor-widget-tabs.elementor-tabs-view-vertical .elementor-tabs-wrapper{flex-direction:column}.elementor-widget-tabs.elementor-tabs-view-vertical .elementor-tabs-content-wrapper{flex-grow:1;border-style:solid solid solid none}.elementor-widget-tabs.elementor-tabs-view-horizontal .elementor-tab-content{border-style:none solid solid}.elementor-widget-tabs.elementor-tabs-alignment-center .elementor-tabs-wrapper,.elementor-widget-tabs.elementor-tabs-alignment-end .elementor-tabs-wrapper,.elementor-widget-tabs.elementor-tabs-alignment-stretch .elementor-tabs-wrapper{display:flex}.elementor-widget-tabs.elementor-tabs-alignment-center .elementor-tabs-wrapper{justify-content:center}.elementor-widget-tabs.elementor-tabs-alignment-end .elementor-tabs-wrapper{justify-content:flex-end}.elementor-widget-tabs.elementor-tabs-alignment-stretch.elementor-tabs-view-horizontal .elementor-tab-title{width:100%}.elementor-widget-tabs.elementor-tabs-alignment-stretch.elementor-tabs-view-vertical .elementor-tab-title{height:100%}.elementor-tabs .elementor-tab-mobile-title{display:none}}<\/style>\n<p><center><img decoding=\"async\" src=\"https:\/\/pruebas.sanfer.com.mx\/wp-content\/uploads\/2022\/11\/FolderAmarillo-1.png\" align=\"Middle\" style=\"width:200px;text-align:center\"><\/center><br \/>\n<center><img decoding=\"async\" src=\"https:\/\/pruebas.sanfer.com.mx\/wp-content\/uploads\/2022\/11\/FolderAzul-1.png\" align=\"Middle\" style=\"width:200px;text-align:center\"><\/center><br \/>\n<center><img decoding=\"async\" src=\"https:\/\/pruebas.sanfer.com.mx\/wp-content\/uploads\/2022\/11\/FolderRosa-1.png\" align=\"Middle\" style=\"width:200px;text-align:center\"><\/center><br \/>\n<center><img decoding=\"async\" src=\"https:\/\/pruebas.sanfer.com.mx\/wp-content\/uploads\/2022\/11\/FolderNegro-1.png\" align=\"Middle\" style=\"width:200px;text-align:center\"><\/center><br \/>\n<center><img decoding=\"async\" src=\"https:\/\/pruebas.sanfer.com.mx\/wp-content\/uploads\/2022\/11\/FolderAmarillo-1.png\" align=\"Middle\" style=\"width:200px;text-align:center\"><\/center><\/p>\n<header>\n<h1>Mejoramos tu Imagen<\/h1>\n<\/header>\n<section>\n<h2><strong>SYNCOL<\/strong><\/h2>\n<p>Las mujeres modernas no paran. Este concepto tan simple fue el catalizador de una imagen femenina, moderna, confiable y din\u00e1mica. Creamos la nueva imagen de Syncol, manteniendo los mismos acabados en cada una de sus presentaciones.<\/p>\n<h2><strong>TREDA<\/strong><\/h2>\n<p>Un medicamento que es parte de la vida cotidiana del mexicano. Nuestra misi\u00f3n: Destacar en el punto de venta, manteniendo un concepto premium que muestre calidad agregada en el medicamento al mismo tiempo que mantiene la confianza por a\u00f1os de experiencia.<\/p>\n<\/section>\n<footer>\n<h3>Soluci\u00f3n<\/h3>\n<p><img decoding=\"async\" src=\"https:\/\/pruebas.sanfer.com.mx\/wp-content\/uploads\/2023\/06\/IMG_0004-300x169.jpg\" alt=\"\" width=\"300\" height=\"169\"> <img decoding=\"async\" src=\"https:\/\/pruebas.sanfer.com.mx\/wp-content\/uploads\/2023\/06\/IMG_0003-300x169.jpg\" alt=\"\" width=\"300\" height=\"169\"> <img decoding=\"async\" src=\"https:\/\/pruebas.sanfer.com.mx\/wp-content\/uploads\/2023\/06\/IMG_0009-300x200.jpg\" alt=\"\" width=\"300\" height=\"200\"> <img decoding=\"async\" src=\"https:\/\/pruebas.sanfer.com.mx\/wp-content\/uploads\/2023\/06\/IMG_0010-PANTONE-NARANJA-300x200.jpg\" alt=\"\" width=\"300\" height=\"200\"> <img decoding=\"async\" src=\"https:\/\/pruebas.sanfer.com.mx\/wp-content\/uploads\/2023\/06\/Litogrimann-January-15-2021-.84-300x200.jpg\" alt=\"\" width=\"300\" height=\"200\"> <img decoding=\"async\" src=\"https:\/\/pruebas.sanfer.com.mx\/wp-content\/uploads\/2023\/06\/Litogrimann-January-15-2021-.85-300x200.jpg\" alt=\"\" width=\"300\" height=\"200\"><img decoding=\"async\" src=\"https:\/\/pruebas.sanfer.com.mx\/wp-content\/uploads\/2023\/06\/Litogrimann-February-09-2021-.82-200x300.jpg\" alt=\"\" width=\"200\" height=\"300\"> <img decoding=\"async\" src=\"https:\/\/pruebas.sanfer.com.mx\/wp-content\/uploads\/2023\/06\/Litogrimann-February-09-2021-.99-200x300.jpg\" alt=\"\" width=\"200\" height=\"300\"> <img decoding=\"async\" src=\"https:\/\/pruebas.sanfer.com.mx\/wp-content\/uploads\/2023\/06\/Litogrimann-February-09-2021-.100-200x300.jpg\" alt=\"\" width=\"200\" height=\"300\"><\/p>\n<h3>&nbsp;<\/h3>\n<\/footer>\n<p><center><img decoding=\"async\" src=\"https:\/\/pruebas.sanfer.com.mx\/wp-content\/uploads\/2022\/11\/FolderAzul-1.png\" align=\"Middle\" style=\"width:200px;text-align:center\"><\/center><\/p>\n<header>\n<h1>Cuidando el Planeta<\/h1>\n<\/header>\n<section>\n<h2><strong>BLISTEX<\/strong><\/h2>\n<p>Con las nuevas tendencias eco amigables, BLISTEX necesitaba hacer cambios dr\u00e1sticos en su empaque, esto implicaba eliminar pl\u00e1sticos y ser 100% reciclables. Nosotros los ayudamos creando un empaque100% cart\u00f3n certificado FSC, que protege en su totalidad al producto y mantiene los acabados premium.<\/p>\n<h2><strong>LONOL<\/strong><\/h2>\n<p>Comprometerse con el medio ambiente, implica poner atenci\u00f3n en los m\u00ednimos detalles, las pel\u00edculas pl\u00e1sticas de materiales metalizados hacen que los empaques no sean reciclables. Con nuestra tecnolog\u00eda <strong>One-Pass-Thech<\/strong> migramos de metalizado a Cold Foil este producto, manteniendo la imagen de alta gama y haciendo 100% reciclable el empaque.<\/p>\n<\/section>\n<footer>\n<h3>Soluci\u00f3n<\/p>\n<p>&nbsp; &nbsp; &nbsp; <img decoding=\"async\" src=\"https:\/\/pruebas.sanfer.com.mx\/wp-content\/uploads\/2023\/07\/Mi-proyecto-9-300x300.png\" alt=\"\" width=\"300\" height=\"300\"> <img decoding=\"async\" src=\"https:\/\/pruebas.sanfer.com.mx\/wp-content\/uploads\/2023\/07\/Mi-proyecto-8-300x300.png\" alt=\"\" width=\"300\" height=\"300\"> <img decoding=\"async\" src=\"https:\/\/pruebas.sanfer.com.mx\/wp-content\/uploads\/2023\/07\/Mi-proyecto-7-300x300.png\" alt=\"\" width=\"300\" height=\"300\"> <img decoding=\"async\" src=\"https:\/\/pruebas.sanfer.com.mx\/wp-content\/uploads\/2023\/07\/Mi-proyecto-6-300x300.png\" alt=\"\" width=\"300\" height=\"300\"> <img decoding=\"async\" src=\"https:\/\/pruebas.sanfer.com.mx\/wp-content\/uploads\/2023\/07\/Mi-proyecto-5-300x300.png\" alt=\"\" width=\"300\" height=\"300\"> <img decoding=\"async\" src=\"https:\/\/pruebas.sanfer.com.mx\/wp-content\/uploads\/2023\/07\/Mi-proyecto-4-300x300.png\" alt=\"\" width=\"300\" height=\"300\"> <img decoding=\"async\" src=\"https:\/\/pruebas.sanfer.com.mx\/wp-content\/uploads\/2023\/07\/Mi-proyecto-3-300x300.png\" alt=\"\" width=\"300\" height=\"300\"><\/h3>\n<\/footer>\n<p><center><img decoding=\"async\" src=\"https:\/\/pruebas.sanfer.com.mx\/wp-content\/uploads\/2022\/11\/FolderRosa-1.png\" align=\"Middle\" style=\"width:200px;text-align:center\"><\/center><\/p>\n<header>\n<h1>Soluciones Integrales<\/h1>\n<\/header>\n<section>\n<h2><strong>ASAS CART\u00d3N<\/strong><\/h2>\n<p>Los consumidores exigen que los productos sean m\u00e1s responsables con el planeta. Cambiar de pl\u00e1stico a cart\u00f3n fue una misi\u00f3n dif\u00edcil pero no imposible; utilizado creatividad, innovaci\u00f3n, ingenier\u00eda y talento logramos desarrollar asas de carga para diferentes tipos de producto y 100% reciclables.<\/p>\n<h2><strong>CLUB DE PRECIOS<\/strong><\/h2>\n<p>la principal diferencia entre el autoservicio y los clubes de precio son las ventanas de oportunidad para mostrar tu imagen. Con este concepto desarrollamos empaques, charolas, stands, asas y fajillas que hagan notar tu imagen y marca para consolidar una venta.<\/p>\n<\/section>\n<footer>\n<h3>Soluci\u00f3n<\/h3>\n<\/footer>\n<p><img decoding=\"async\" src=\"https:\/\/pruebas.sanfer.com.mx\/wp-content\/uploads\/2023\/07\/IMG_0117-300x169.jpg\" alt=\"\" width=\"300\" height=\"169\"> <img decoding=\"async\" src=\"https:\/\/pruebas.sanfer.com.mx\/wp-content\/uploads\/2023\/07\/IMG_0106-300x169.jpg\" alt=\"\" width=\"300\" height=\"169\"> <img decoding=\"async\" src=\"https:\/\/pruebas.sanfer.com.mx\/wp-content\/uploads\/2023\/07\/IMG_0143-300x169.jpg\" alt=\"\" width=\"300\" height=\"169\"> <img decoding=\"async\" src=\"https:\/\/pruebas.sanfer.com.mx\/wp-content\/uploads\/2023\/07\/Litogrimann-February-09-2021-.206-300x200.jpg\" alt=\"\" width=\"300\" height=\"200\">&nbsp;<\/p>\n<p><center><img decoding=\"async\" src=\"https:\/\/pruebas.sanfer.com.mx\/wp-content\/uploads\/2022\/11\/FolderNegro-1.png\" align=\"Middle\" style=\"width:200px;text-align:center\"><\/center><\/p>\n<header>\n<h1>Publicidad y Acciones Especiales<\/h1>\n<\/header>\n<section>\n<h2><strong>D\u00cdA DE MUERTOS<\/strong><\/h2>\n<p>Asociar una festividad muy mexicana a una \u201cCaja\u201d parecer\u00eda algo complicado, para nosotros es la oportunidad perfecta para generar una experiencia nueva y mostrar los alcances que podemos lograr.<\/p>\n<h2><strong>NAVIDAD<\/strong><\/h2>\n<p>Un regalo es m\u00e1s que su contenido, es la presentaci\u00f3n, el deseo y la experiencia. Poder hacer algo relevante de una caja de regalo es cuesti\u00f3n de experiencia y entender el prop\u00f3sito del empaque.<\/p>\n<\/section>\n<footer>\n<h3>Soluci\u00f3n<\/h3>\n<p><img decoding=\"async\" src=\"https:\/\/pruebas.sanfer.com.mx\/wp-content\/uploads\/2023\/07\/Litogrimann-January-15-2021-.134-300x200.jpg\" alt=\"\" width=\"300\" height=\"200\"> <img decoding=\"async\" src=\"https:\/\/pruebas.sanfer.com.mx\/wp-content\/uploads\/2023\/07\/Litogrimann-January-15-2021-.133-300x200.jpg\" alt=\"\" width=\"300\" height=\"200\"> <img decoding=\"async\" src=\"https:\/\/pruebas.sanfer.com.mx\/wp-content\/uploads\/2023\/07\/Litogrimann-January-15-2021-.132-300x200.jpg\" alt=\"\" width=\"300\" height=\"200\"> <img decoding=\"async\" src=\"https:\/\/pruebas.sanfer.com.mx\/wp-content\/uploads\/2023\/07\/Litogrimann-January-15-2021-.82-300x200.jpg\" alt=\"\" width=\"300\" height=\"200\"> <img decoding=\"async\" src=\"https:\/\/pruebas.sanfer.com.mx\/wp-content\/uploads\/2023\/07\/Litogrimann-January-15-2021-.81-300x200.jpg\" alt=\"\" width=\"300\" height=\"200\"> <img decoding=\"async\" src=\"https:\/\/pruebas.sanfer.com.mx\/wp-content\/uploads\/2023\/07\/Litogrimann-January-15-2021-.78-200x300.jpg\" alt=\"\" width=\"200\" height=\"300\"><\/p>\n<\/footer>\n<style>\/*! elementor - v3.15.0 - 09-08-2023 *\/<br \/>\n.elementor-column .elementor-spacer-inner{height:var(--spacer-size)}.e-con{--container-widget-width:100%}.e-con-inner>.elementor-widget-spacer,.e-con>.elementor-widget-spacer{width:var(--container-widget-width,var(--spacer-size));--align-self:var(--container-widget-align-self,initial);--flex-shrink:0}.e-con-inner>.elementor-widget-spacer>.elementor-widget-container,.e-con-inner>.elementor-widget-spacer>.elementor-widget-container>.elementor-spacer,.e-con>.elementor-widget-spacer>.elementor-widget-container,.e-con>.elementor-widget-spacer>.elementor-widget-container>.elementor-spacer{height:100%}.e-con-inner>.elementor-widget-spacer>.elementor-widget-container>.elementor-spacer>.elementor-spacer-inner,.e-con>.elementor-widget-spacer>.elementor-widget-container>.elementor-spacer>.elementor-spacer-inner{height:var(--container-widget-height,var(--spacer-size))}<\/style>\n<h2>Partimos de una necesidad y lo transformamos en un empaque exitoso que embellece tu producto.<\/h2>\n<p><img decoding=\"async\" width=\"1024\" height=\"23\" src=\"https:\/\/pruebas.sanfer.com.mx\/wp-content\/uploads\/2022\/11\/BarLarge-1024x23.png\" alt=\"Barra large\" loading=\"lazy\" srcset=\"https:\/\/pruebas.sanfer.com.mx\/wp-content\/uploads\/2022\/11\/BarLarge-1024x23.png 1024w, https:\/\/pruebas.sanfer.com.mx\/wp-content\/uploads\/2022\/11\/BarLarge-300x7.png 300w, https:\/\/pruebas.sanfer.com.mx\/wp-content\/uploads\/2022\/11\/BarLarge-768x17.png 768w, https:\/\/pruebas.sanfer.com.mx\/wp-content\/uploads\/2022\/11\/BarLarge.png 1248w\" sizes=\"(max-width: 1024px) 100vw, 1024px\"><\/p>\n","protected":false},"excerpt":{"rendered":"<p>NUESTROS GRANDES PROYECTOS En todos nuestros a\u00f1os de experiencia hemos realizado diferentes tipos de proyectos. Desde los retos y las soluciones creativas que le hemos aportado a nuestros clientes. En todos nuestros a\u00f1os de experiencia hemos realizado diferentes tipos de proyectos. Desde los retos y las soluciones creativas que le hemos aportado a nuestros clientes.&hellip;&nbsp;<a href=\"https:\/\/www.litogrimann.com.mx\/?page_id=46\" class=\"\" rel=\"bookmark\">Leer m\u00e1s &raquo;<span class=\"screen-reader-text\">Casos de \u00e9xitoOLD<\/span><\/a><\/p>\n","protected":false},"author":1,"featured_media":0,"parent":0,"menu_order":0,"comment_status":"closed","ping_status":"closed","template":"page-templates\/template-pagebuilder-full-width.php","meta":{"neve_meta_sidebar":"","neve_meta_container":"","neve_meta_enable_content_width":"","neve_meta_content_width":0,"neve_meta_title_alignment":"","neve_meta_author_avatar":"","neve_post_elements_order":"","neve_meta_disable_header":"","neve_meta_disable_footer":"","neve_meta_disable_title":""},"_links":{"self":[{"href":"https:\/\/www.litogrimann.com.mx\/index.php?rest_route=\/wp\/v2\/pages\/46"}],"collection":[{"href":"https:\/\/www.litogrimann.com.mx\/index.php?rest_route=\/wp\/v2\/pages"}],"about":[{"href":"https:\/\/www.litogrimann.com.mx\/index.php?rest_route=\/wp\/v2\/types\/page"}],"author":[{"embeddable":true,"href":"https:\/\/www.litogrimann.com.mx\/index.php?rest_route=\/wp\/v2\/users\/1"}],"replies":[{"embeddable":true,"href":"https:\/\/www.litogrimann.com.mx\/index.php?rest_route=%2Fwp%2Fv2%2Fcomments&post=46"}],"version-history":[{"count":350,"href":"https:\/\/www.litogrimann.com.mx\/index.php?rest_route=\/wp\/v2\/pages\/46\/revisions"}],"predecessor-version":[{"id":3382,"href":"https:\/\/www.litogrimann.com.mx\/index.php?rest_route=\/wp\/v2\/pages\/46\/revisions\/3382"}],"wp:attachment":[{"href":"https:\/\/www.litogrimann.com.mx\/index.php?rest_route=%2Fwp%2Fv2%2Fmedia&parent=46"}],"curies":[{"name":"wp","href":"https:\/\/api.w.org\/{rel}","templated":true}]}}